{"id":1597,"date":"2025-01-30T10:23:59","date_gmt":"2025-01-30T08:23:59","guid":{"rendered":"https:\/\/sociology.soc.uoc.gr\/ekaeke\/?page_id=1597"},"modified":"2025-01-30T12:33:36","modified_gmt":"2025-01-30T10:33:36","slug":"%ce%b4%ce%b7%ce%bc%ce%bf%cf%83%ce%b9%ce%b5%cf%8d%cf%83%ce%b5%ce%b9%cf%82","status":"publish","type":"page","link":"https:\/\/sociology.soc.uoc.gr\/ekaeke\/?page_id=1597","title":{"rendered":"\u0394\u03b7\u03bc\u03bf\u03c3\u03b9\u03b5\u03cd\u03c3\u03b5\u03b9\u03c2"},"content":{"rendered":"\n<div class=\"wp-block-query is-layout-flow wp-block-query-is-layout-flow\"><ul class=\"wp-block-post-template is-layout-flow wp-block-post-template-is-layout-flow\"><li class=\"wp-block-post post-1801 post type-post status-publish format-standard hentry category-28 category-sci-posts-el\">\n\n<div class=\"wp-block-columns are-vertically-aligned-center is-layout-flex wp-container-core-columns-is-layout-9d6595d7 wp-block-columns-is-layout-flex\">\n<div class=\"wp-block-column is-vertically-aligned-center is-layout-flow wp-block-column-is-layout-flow\" style=\"flex-basis:25%\"><\/div>\n\n\n\n<div class=\"wp-block-column is-vertically-aligned-center is-layout-flow wp-block-column-is-layout-flow\" style=\"flex-basis:75%\"><h5 style=\"font-size:14px;\" class=\"has-link-color wp-elements-ee624f6015216fe17ce66fddeba4c6ed wp-block-post-title has-text-color has-dark-gray-color\"><a href=\"https:\/\/sociology.soc.uoc.gr\/ekaeke\/?p=1801\" target=\"_self\" >Zaimakis Y. &amp; Papadaki M. (2025) Voices of protest and the right to the city in the context of overtourism: reflections from the historic city of Chania, Crete (Greece). City, 29 (3-4), 459-484<\/a><\/h5><\/div>\n<\/div>\n\n<\/li><li class=\"wp-block-post post-1798 post type-post status-publish format-standard hentry category-sci-posts-el\">\n\n<div class=\"wp-block-columns are-vertically-aligned-center is-layout-flex wp-container-core-columns-is-layout-9d6595d7 wp-block-columns-is-layout-flex\">\n<div class=\"wp-block-column is-vertically-aligned-center is-layout-flow wp-block-column-is-layout-flow\" style=\"flex-basis:25%\"><\/div>\n\n\n\n<div class=\"wp-block-column is-vertically-aligned-center is-layout-flow wp-block-column-is-layout-flow\" style=\"flex-basis:75%\"><\/div>\n<\/div>\n\n<\/li><li class=\"wp-block-post post-1699 post type-post status-publish format-standard has-post-thumbnail hentry category-28 category-30\">\n\n<div class=\"wp-block-columns are-vertically-aligned-center is-layout-flex wp-container-core-columns-is-layout-9d6595d7 wp-block-columns-is-layout-flex\">\n<div class=\"wp-block-column is-vertically-aligned-center is-layout-flow wp-block-column-is-layout-flow\" style=\"flex-basis:25%\"><figure class=\"wp-block-post-featured-image\"><a href=\"https:\/\/sociology.soc.uoc.gr\/ekaeke\/?p=1699\" target=\"_self\"  ><img loading=\"lazy\" decoding=\"async\" width=\"300\" height=\"401\" src=\"https:\/\/sociology.soc.uoc.gr\/ekaeke\/wp-content\/uploads\/2025\/03\/Ektim_anagk_orop2021.jpg\" class=\"attachment-post-thumbnail size-post-thumbnail wp-post-image\" alt=\"\u0395\u03ba\u03c4\u03af\u03bc\u03b7\u03c3\u03b7 \u0391\u03bd\u03b1\u03b3\u03ba\u03ce\u03bd \u03ba\u03b1\u03b9 \u03c4\u03bf\u03c0\u03b9\u03ba\u03cc \u03b1\u03be\u03b9\u03b1\u03ba\u03cc \u03c3\u03cd\u03c3\u03c4\u03b7\u03bc\u03b1: \u0397 \u03c0\u03b5\u03c1\u03af\u03c0\u03c4\u03c9\u03c3\u03b7 \u03c4\u03bf\u03c5 \u039f\u03c1\u03bf\u03c0\u03b5\u03b4\u03af\u03bf\u03c5 \u039b\u03b1\u03c3\u03b9\u03b8\u03af\u03bf\u03c5 (2021)\" style=\"object-fit:cover;\" srcset=\"https:\/\/sociology.soc.uoc.gr\/ekaeke\/wp-content\/uploads\/2025\/03\/Ektim_anagk_orop2021.jpg 300w, https:\/\/sociology.soc.uoc.gr\/ekaeke\/wp-content\/uploads\/2025\/03\/Ektim_anagk_orop2021-224x300.jpg 224w\" sizes=\"auto, (max-width: 709px) 85vw, (max-width: 909px) 67vw, (max-width: 984px) 60vw, (max-width: 1362px) 62vw, 840px\" \/><\/a><\/figure><\/div>\n\n\n\n<div class=\"wp-block-column is-vertically-aligned-center is-layout-flow wp-block-column-is-layout-flow\" style=\"flex-basis:75%\"><h5 style=\"font-size:14px;\" class=\"has-link-color wp-elements-ee624f6015216fe17ce66fddeba4c6ed wp-block-post-title has-text-color has-dark-gray-color\"><a href=\"https:\/\/sociology.soc.uoc.gr\/ekaeke\/?p=1699\" target=\"_self\" >\u0395\u03ba\u03c4\u03af\u03bc\u03b7\u03c3\u03b7 \u0391\u03bd\u03b1\u03b3\u03ba\u03ce\u03bd \u03ba\u03b1\u03b9 \u03c4\u03bf\u03c0\u03b9\u03ba\u03cc \u03b1\u03be\u03b9\u03b1\u03ba\u03cc \u03c3\u03cd\u03c3\u03c4\u03b7\u03bc\u03b1: \u0397 \u03c0\u03b5\u03c1\u03af\u03c0\u03c4\u03c9\u03c3\u03b7 \u03c4\u03bf\u03c5 \u039f\u03c1\u03bf\u03c0\u03b5\u03b4\u03af\u03bf\u03c5 \u039b\u03b1\u03c3\u03b9\u03b8\u03af\u03bf\u03c5 (2021)<\/a><\/h5><\/div>\n<\/div>\n\n<\/li><li class=\"wp-block-post post-1696 post type-post status-publish format-standard hentry category-28 category-30\">\n\n<div class=\"wp-block-columns are-vertically-aligned-center is-layout-flex wp-container-core-columns-is-layout-9d6595d7 wp-block-columns-is-layout-flex\">\n<div class=\"wp-block-column is-vertically-aligned-center is-layout-flow wp-block-column-is-layout-flow\" style=\"flex-basis:25%\"><\/div>\n\n\n\n<div class=\"wp-block-column is-vertically-aligned-center is-layout-flow wp-block-column-is-layout-flow\" style=\"flex-basis:75%\"><h5 style=\"font-size:14px;\" class=\"has-link-color wp-elements-ee624f6015216fe17ce66fddeba4c6ed wp-block-post-title has-text-color has-dark-gray-color\"><a href=\"https:\/\/sociology.soc.uoc.gr\/ekaeke\/?p=1696\" target=\"_self\" >\u0395\u03ba\u03c0\u03cc\u03bd\u03b7\u03c3\u03b7 \u03ad\u03c1\u03b5\u03c5\u03bd\u03b1\u03c2 \u03b3\u03b9\u03b1 \u03c4\u03b7\u03bd \u03b5\u03ba\u03c4\u03af\u03bc\u03b7\u03c3\u03b7 \u03b1\u03bd\u03b1\u03b3\u03ba\u03ce\u03bd \u03ba\u03b1\u03b9 \u03ba\u03bf\u03b9\u03bd\u03c9\u03bd\u03b9\u03ba\u03cc\u03c2 \u03c3\u03c7\u03b5\u03b4\u03b9\u03b1\u03c3\u03bc\u03cc\u03c2 \u03c0\u03b1\u03c1\u03ad\u03bc\u03b2\u03b1\u03c3\u03b7\u03c2 \u03b3\u03b9\u03b1 \u03c4\u03b7\u03bd \u03ba\u03bf\u03b9\u03bd\u03bf\u03c4\u03b9\u03ba\u03ae \u03b1\u03bd\u03ac\u03c0\u03c4\u03c5\u03be\u03b7 \u03c3\u03c4\u03b7 \u03c3\u03c5\u03bd\u03bf\u03b9\u03ba\u03af\u03b1 \u03c4\u03c9\u03bd \u0394\u03b5\u03b9\u03bb\u03b9\u03bd\u03ce\u03bd \u03c4\u03b7\u03c2 \u03c0\u03cc\u03bb\u03b7\u03c2 \u03c4\u03bf\u03c5 \u0397\u03c1\u03b1\u03ba\u03bb\u03b5\u03af\u03bf\u03c5 (2022)<\/a><\/h5><\/div>\n<\/div>\n\n<\/li><li class=\"wp-block-post post-1609 post type-post status-publish format-standard hentry category-28 category-sci-posts-el\">\n\n<div class=\"wp-block-columns are-vertically-aligned-center is-layout-flex wp-container-core-columns-is-layout-9d6595d7 wp-block-columns-is-layout-flex\">\n<div class=\"wp-block-column is-vertically-aligned-center is-layout-flow wp-block-column-is-layout-flow\" style=\"flex-basis:25%\"><\/div>\n\n\n\n<div class=\"wp-block-column is-vertically-aligned-center is-layout-flow wp-block-column-is-layout-flow\" style=\"flex-basis:75%\"><h5 style=\"font-size:14px;\" class=\"has-link-color wp-elements-ee624f6015216fe17ce66fddeba4c6ed wp-block-post-title has-text-color has-dark-gray-color\"><a href=\"https:\/\/sociology.soc.uoc.gr\/ekaeke\/?p=1609\" target=\"_self\" >Zaimakis Y. (2024) Reflections on embodiment and pandemic pedagogies in Greek higher education: lessons from students\u2019 considerations\/Reflexiones sobre la corporeidad y las pedagog\u00edas de la pandemia en la educaci\u00f3n superior griega: lecciones extra\u00eddas de las opiniones de los estudiantes. Culture and Education: Cultura y Educaci\u00f3n 36, (4), 970-1004. https:\/\/doi.org\/10.1177\/11356405241291959<\/a><\/h5><\/div>\n<\/div>\n\n<\/li><li class=\"wp-block-post post-1585 post type-post status-publish format-standard hentry category-sci-posts-el\">\n\n<div class=\"wp-block-columns are-vertically-aligned-center is-layout-flex wp-container-core-columns-is-layout-9d6595d7 wp-block-columns-is-layout-flex\">\n<div class=\"wp-block-column is-vertically-aligned-center is-layout-flow wp-block-column-is-layout-flow\" style=\"flex-basis:25%\"><\/div>\n\n\n\n<div class=\"wp-block-column is-vertically-aligned-center is-layout-flow wp-block-column-is-layout-flow\" style=\"flex-basis:75%\"><h5 style=\"font-size:14px;\" class=\"has-link-color wp-elements-ee624f6015216fe17ce66fddeba4c6ed wp-block-post-title has-text-color has-dark-gray-color\"><a href=\"https:\/\/sociology.soc.uoc.gr\/ekaeke\/?p=1585\" target=\"_self\" >\u0395\u03c1\u03b5\u03c5\u03bd\u03b7\u03c4\u03b9\u03ba\u03ae \u03ad\u03ba\u03b8\u03b5\u03c3\u03b7: Z\u03b1\u03ca\u03bc\u03ac\u03ba\u03b7\u03c2 \u0393., \u03a1\u03ac\u03c4\u03c3\u03b9\u03ba\u03b1 \u039d., \u03a0\u03b1\u03c0\u03b1\u03b4\u03ac\u03ba\u03b7 \u039c., \u039a\u03cc\u03ba\u03ba\u03b9\u03bd\u03bf\u03c5 \u03a7.\u00a0 \u03a4\u03b1\u03bc\u03b2\u03ac\u03ba\u03b7 \u039c. (2021).&#8221;\u0395\u03bd\u03c4\u03bf\u03c0\u03b9\u03c3\u03bc\u03cc\u03c2 \u03ba\u03b1\u03b9 \u0391\u03bd\u03ac\u03bb\u03c5\u03c3\u03b7 \u0398\u03c5\u03bb\u03ac\u03ba\u03c9\u03bd \u03a4\u03bf\u03c0\u03b9\u03ba\u03ae\u03c2 \u0391\u03c0\u03bf\u03c3\u03c4\u03ad\u03c1\u03b7\u03c3\u03b7\u03c2 &amp; \u03a6\u03c4\u03ce\u03c7\u03b5\u03b9\u03b1\u03c2 \u03a4\u03bf\u03c0\u03b9\u03ba\u03ae \u0395\u03ba\u03c4\u03af\u03bc\u03b7\u03c3\u03b7 \u03c4\u03b7\u03c2 \u0391\u03c0\u03bf\u03c3\u03c4\u03ad\u03c1\u03b7\u03c3\u03b7\u03c2: \u03a0\u03b9\u03bb\u03bf\u03c4\u03b9\u03ba\u03ad\u03c2 \u0388\u03c1\u03b5\u03c5\u03bd\u03b5\u03c2 \u03a0\u03b5\u03b4\u03af\u03bf\u03c5 \u03c3\u03b5 \u0395\u03c0\u03b9\u03bb\u03b5\u03b3\u03bc\u03ad\u03bd\u03bf\u03c5\u03c2 \u0391\u03c3\u03c4\u03b9\u03ba\u03bf\u03cd\u03c2 \u0398\u03cd\u03bb\u03b1\u03ba\u03b5\u03c2&#8221;.<\/a><\/h5><\/div>\n<\/div>\n\n<\/li><li class=\"wp-block-post post-1126 post type-post status-publish format-standard has-post-thumbnail hentry category-sci-posts-el\">\n\n<div class=\"wp-block-columns are-vertically-aligned-center is-layout-flex wp-container-core-columns-is-layout-9d6595d7 wp-block-columns-is-layout-flex\">\n<div class=\"wp-block-column is-vertically-aligned-center is-layout-flow wp-block-column-is-layout-flow\" style=\"flex-basis:25%\"><figure class=\"wp-block-post-featured-image\"><a href=\"https:\/\/sociology.soc.uoc.gr\/ekaeke\/?p=1126\" target=\"_self\"  ><img loading=\"lazy\" decoding=\"async\" width=\"495\" height=\"818\" src=\"https:\/\/sociology.soc.uoc.gr\/ekaeke\/wp-content\/uploads\/2022\/06\/digitalisation-.jpg\" class=\"attachment-post-thumbnail size-post-thumbnail wp-post-image\" alt=\"Zaimakis Y. &amp; Papadaki M. 2022. On the digitalisation of higher education in times of the pandemic crisis: techno\u2011philic and techno\u2011sceptic attitudes of social science students in Crete (Greece). SN Social Sciences 2:77. \u00a0https:\/\/doi.org\/10.1007\/s43545-022-00380-1\" style=\"object-fit:cover;\" srcset=\"https:\/\/sociology.soc.uoc.gr\/ekaeke\/wp-content\/uploads\/2022\/06\/digitalisation-.jpg 495w, https:\/\/sociology.soc.uoc.gr\/ekaeke\/wp-content\/uploads\/2022\/06\/digitalisation--182x300.jpg 182w\" sizes=\"auto, (max-width: 709px) 85vw, (max-width: 909px) 67vw, (max-width: 984px) 60vw, (max-width: 1362px) 62vw, 840px\" \/><\/a><\/figure><\/div>\n\n\n\n<div class=\"wp-block-column is-vertically-aligned-center is-layout-flow wp-block-column-is-layout-flow\" style=\"flex-basis:75%\"><h5 style=\"font-size:14px;\" class=\"has-link-color wp-elements-ee624f6015216fe17ce66fddeba4c6ed wp-block-post-title has-text-color has-dark-gray-color\"><a href=\"https:\/\/sociology.soc.uoc.gr\/ekaeke\/?p=1126\" target=\"_self\" >Zaimakis Y. &amp; Papadaki M. 2022. On the digitalisation of higher education in times of the pandemic crisis: techno\u2011philic and techno\u2011sceptic attitudes of social science students in Crete (Greece). SN Social Sciences 2:77. \u00a0https:\/\/doi.org\/10.1007\/s43545-022-00380-1<\/a><\/h5><\/div>\n<\/div>\n\n<\/li><li class=\"wp-block-post post-1117 post type-post status-publish format-standard has-post-thumbnail hentry category-sci-posts-el\">\n\n<div class=\"wp-block-columns are-vertically-aligned-center is-layout-flex wp-container-core-columns-is-layout-9d6595d7 wp-block-columns-is-layout-flex\">\n<div class=\"wp-block-column is-vertically-aligned-center is-layout-flow wp-block-column-is-layout-flow\" style=\"flex-basis:25%\"><figure class=\"wp-block-post-featured-image\"><a href=\"https:\/\/sociology.soc.uoc.gr\/ekaeke\/?p=1117\" target=\"_self\"  ><img loading=\"lazy\" decoding=\"async\" width=\"575\" height=\"789\" src=\"https:\/\/sociology.soc.uoc.gr\/ekaeke\/wp-content\/uploads\/2022\/06\/mel_exof_575.jpg\" class=\"attachment-post-thumbnail size-post-thumbnail wp-post-image\" alt=\"Z\u03b1\u03ca\u03bc\u03ac\u03ba\u03b7\u03c2 \u0393. &amp; \u0395. \u039d\u03b9\u03ba\u03bf\u03bb\u03b1\u0390\u03b4\u03b7\u03c2 (\u03b5\u03c0\u03b9\u03bc.).2021.  \u039c\u03b5\u03bb\u03ad\u03c4\u03b5\u03c2 \u03b3\u03b9\u03b1 \u03c4\u03b7\u03bd \u039a\u03bf\u03b9\u03bd\u03c9\u03bd\u03b9\u03ba\u03ae \u03ba\u03b1\u03b9 \u0391\u03bb\u03bb\u03b7\u03bb\u03ad\u03b3\u03b3\u03c5\u03b1 \u039f\u03b9\u03ba\u03bf\u03bd\u03bf\u03bc\u03af\u03b1: \u03c0\u03c1\u03bf\u03c3\u03b5\u03b3\u03b3\u03af\u03c3\u03b5\u03b9\u03c2, \u03c0\u03c1\u03bf\u03ba\u03bb\u03ae\u03c3\u03b5\u03b9\u03c2, \u03b5\u03c6\u03b1\u03c1\u03bc\u03bf\u03b3\u03ad\u03c2. \u0395\u03c1\u03b3\u03b1\u03c3\u03c4\u03ae\u03c1\u03b9\u03bf \u039a\u03bf\u03b9\u03bd\u03c9\u03bd\u03b9\u03ba\u03ae\u03c2 \u0391\u03bd\u03ac\u03bb\u03c5\u03c3\u03b7\u03c2 \u03ba\u03b1\u03b9 \u0395\u03c6\u03b1\u03c1\u03bc\u03bf\u03c3\u03bc\u03ad\u03bd\u03b7\u03c2 \u039a\u03bf\u03b9\u03bd\u03c9\u03bd\u03b9\u03ba\u03ae\u03c2 \u0388\u03c1\u03b5\u03c5\u03bd\u03b1\u03c2 &amp; \u0395\u03c1\u03b3\u03b1\u03c3\u03c4\u03ae\u03c1\u03b9\u03bf \u03a0\u03bf\u03bb\u03b9\u03c4\u03b9\u03ba\u03ae\u03c2 \u039f\u03b9\u03ba\u03bf\u03bd\u03bf\u03bc\u03af\u03b1\u03c2 \u03ba\u03b1\u03b9 \u039f\u03b9\u03ba\u03bf\u03bd\u03bf\u03bc\u03b9\u03ba\u03ae\u03c2 \u0391\u03bd\u03ac\u03c0\u03c4\u03c5\u03be\u03b7\u03c2.\" style=\"object-fit:cover;\" srcset=\"https:\/\/sociology.soc.uoc.gr\/ekaeke\/wp-content\/uploads\/2022\/06\/mel_exof_575.jpg 575w, https:\/\/sociology.soc.uoc.gr\/ekaeke\/wp-content\/uploads\/2022\/06\/mel_exof_575-219x300.jpg 219w\" sizes=\"auto, (max-width: 709px) 85vw, (max-width: 909px) 67vw, (max-width: 984px) 60vw, (max-width: 1362px) 62vw, 840px\" \/><\/a><\/figure><\/div>\n\n\n\n<div class=\"wp-block-column is-vertically-aligned-center is-layout-flow wp-block-column-is-layout-flow\" style=\"flex-basis:75%\"><h5 style=\"font-size:14px;\" class=\"has-link-color wp-elements-ee624f6015216fe17ce66fddeba4c6ed wp-block-post-title has-text-color has-dark-gray-color\"><a href=\"https:\/\/sociology.soc.uoc.gr\/ekaeke\/?p=1117\" target=\"_self\" >Z\u03b1\u03ca\u03bc\u03ac\u03ba\u03b7\u03c2 \u0393. &amp; \u0395. \u039d\u03b9\u03ba\u03bf\u03bb\u03b1\u0390\u03b4\u03b7\u03c2 (\u03b5\u03c0\u03b9\u03bc.).2021.  \u039c\u03b5\u03bb\u03ad\u03c4\u03b5\u03c2 \u03b3\u03b9\u03b1 \u03c4\u03b7\u03bd \u039a\u03bf\u03b9\u03bd\u03c9\u03bd\u03b9\u03ba\u03ae \u03ba\u03b1\u03b9 \u0391\u03bb\u03bb\u03b7\u03bb\u03ad\u03b3\u03b3\u03c5\u03b1 \u039f\u03b9\u03ba\u03bf\u03bd\u03bf\u03bc\u03af\u03b1: \u03c0\u03c1\u03bf\u03c3\u03b5\u03b3\u03b3\u03af\u03c3\u03b5\u03b9\u03c2, \u03c0\u03c1\u03bf\u03ba\u03bb\u03ae\u03c3\u03b5\u03b9\u03c2, \u03b5\u03c6\u03b1\u03c1\u03bc\u03bf\u03b3\u03ad\u03c2. \u0395\u03c1\u03b3\u03b1\u03c3\u03c4\u03ae\u03c1\u03b9\u03bf \u039a\u03bf\u03b9\u03bd\u03c9\u03bd\u03b9\u03ba\u03ae\u03c2 \u0391\u03bd\u03ac\u03bb\u03c5\u03c3\u03b7\u03c2 \u03ba\u03b1\u03b9 \u0395\u03c6\u03b1\u03c1\u03bc\u03bf\u03c3\u03bc\u03ad\u03bd\u03b7\u03c2 \u039a\u03bf\u03b9\u03bd\u03c9\u03bd\u03b9\u03ba\u03ae\u03c2 \u0388\u03c1\u03b5\u03c5\u03bd\u03b1\u03c2 &amp; \u0395\u03c1\u03b3\u03b1\u03c3\u03c4\u03ae\u03c1\u03b9\u03bf \u03a0\u03bf\u03bb\u03b9\u03c4\u03b9\u03ba\u03ae\u03c2 \u039f\u03b9\u03ba\u03bf\u03bd\u03bf\u03bc\u03af\u03b1\u03c2 \u03ba\u03b1\u03b9 \u039f\u03b9\u03ba\u03bf\u03bd\u03bf\u03bc\u03b9\u03ba\u03ae\u03c2 \u0391\u03bd\u03ac\u03c0\u03c4\u03c5\u03be\u03b7\u03c2.<\/a><\/h5><\/div>\n<\/div>\n\n<\/li><li class=\"wp-block-post post-1076 post type-post status-publish format-standard has-post-thumbnail hentry category-sci-posts-el\">\n\n<div class=\"wp-block-columns are-vertically-aligned-center is-layout-flex wp-container-core-columns-is-layout-9d6595d7 wp-block-columns-is-layout-flex\">\n<div class=\"wp-block-column is-vertically-aligned-center is-layout-flow wp-block-column-is-layout-flow\" style=\"flex-basis:25%\"><figure class=\"wp-block-post-featured-image\"><a href=\"https:\/\/sociology.soc.uoc.gr\/ekaeke\/?p=1076\" target=\"_self\"  ><img loading=\"lazy\" decoding=\"async\" width=\"594\" height=\"809\" src=\"https:\/\/sociology.soc.uoc.gr\/ekaeke\/wp-content\/uploads\/2021\/11\/arkadia_exofyllo.jpg\" class=\"attachment-post-thumbnail size-post-thumbnail wp-post-image\" alt=\"Z\u03b1\u03ca\u03bc\u03ac\u03ba\u03b7\u03c2 \u0393. &amp; \u0392\u03ac\u03b2\u03b2\u03bf\u03c2 \u0391. (2021) \u0391\u03b8\u03bb\u03b7\u03c4\u03b9\u03c3\u03bc\u03cc\u03c2 \u03ba\u03b1\u03b9 \u03c4\u03cc\u03c0\u03bf\u03b9 \u03bc\u03bd\u03ae\u03bc\u03b7\u03c2. \u039f\u03b9 \u0391\u03c1\u03ba\u03ac\u03b4\u03b9\u03bf\u03b9 \u0391\u03b3\u03ce\u03bd\u03b5\u03c2 \u03c3\u03c4\u03bf \u03a1\u03ad\u03b8\u03c5\u03bc\u03bd\u03bf (1936 -2020). \u03a0\u03b5\u03c1\u03b9\u03c6\u03ad\u03c1\u03b5\u03b9\u03b1 \u039a\u03c1\u03ae\u03c4\u03b7\u03c2-\u0395\u03c1\u03b3\u03b1\u03c3\u03c4\u03ae\u03c1\u03b9\u03bf \u039a\u03bf\u03b9\u03bd\u03c9\u03bd\u03b9\u03ba\u03ae\u03c2 \u0391\u03bd\u03ac\u03bb\u03c5\u03c3\u03b7\u03c2 \u03ba\u03b1\u03b9 \u0395\u03c6\u03b1\u03c1\u03bc\u03bf\u03c3\u03bc\u03ad\u03bd\u03b7\u03c2 \u039a\u03bf\u03b9\u03bd\u03c9\u03bd\u03b9\u03ba\u03ae\u03c2 \u0388\u03c1\u03b5\u03c5\u03bd\u03b1\u03c2.\" style=\"object-fit:cover;\" srcset=\"https:\/\/sociology.soc.uoc.gr\/ekaeke\/wp-content\/uploads\/2021\/11\/arkadia_exofyllo.jpg 594w, https:\/\/sociology.soc.uoc.gr\/ekaeke\/wp-content\/uploads\/2021\/11\/arkadia_exofyllo-220x300.jpg 220w\" sizes=\"auto, (max-width: 709px) 85vw, (max-width: 909px) 67vw, (max-width: 984px) 60vw, (max-width: 1362px) 62vw, 840px\" \/><\/a><\/figure><\/div>\n\n\n\n<div class=\"wp-block-column is-vertically-aligned-center is-layout-flow wp-block-column-is-layout-flow\" style=\"flex-basis:75%\"><h5 style=\"font-size:14px;\" class=\"has-link-color wp-elements-ee624f6015216fe17ce66fddeba4c6ed wp-block-post-title has-text-color has-dark-gray-color\"><a href=\"https:\/\/sociology.soc.uoc.gr\/ekaeke\/?p=1076\" target=\"_self\" >Z\u03b1\u03ca\u03bc\u03ac\u03ba\u03b7\u03c2 \u0393. &amp; \u0392\u03ac\u03b2\u03b2\u03bf\u03c2 \u0391. (2021) \u0391\u03b8\u03bb\u03b7\u03c4\u03b9\u03c3\u03bc\u03cc\u03c2 \u03ba\u03b1\u03b9 \u03c4\u03cc\u03c0\u03bf\u03b9 \u03bc\u03bd\u03ae\u03bc\u03b7\u03c2. \u039f\u03b9 \u0391\u03c1\u03ba\u03ac\u03b4\u03b9\u03bf\u03b9 \u0391\u03b3\u03ce\u03bd\u03b5\u03c2 \u03c3\u03c4\u03bf \u03a1\u03ad\u03b8\u03c5\u03bc\u03bd\u03bf (1936 -2020). \u03a0\u03b5\u03c1\u03b9\u03c6\u03ad\u03c1\u03b5\u03b9\u03b1 \u039a\u03c1\u03ae\u03c4\u03b7\u03c2-\u0395\u03c1\u03b3\u03b1\u03c3\u03c4\u03ae\u03c1\u03b9\u03bf \u039a\u03bf\u03b9\u03bd\u03c9\u03bd\u03b9\u03ba\u03ae\u03c2 \u0391\u03bd\u03ac\u03bb\u03c5\u03c3\u03b7\u03c2 \u03ba\u03b1\u03b9 \u0395\u03c6\u03b1\u03c1\u03bc\u03bf\u03c3\u03bc\u03ad\u03bd\u03b7\u03c2 \u039a\u03bf\u03b9\u03bd\u03c9\u03bd\u03b9\u03ba\u03ae\u03c2 \u0388\u03c1\u03b5\u03c5\u03bd\u03b1\u03c2.<\/a><\/h5><\/div>\n<\/div>\n\n<\/li><li class=\"wp-block-post post-468 post type-post status-publish format-standard has-post-thumbnail hentry category-sci-posts-el\">\n\n<div class=\"wp-block-columns are-vertically-aligned-center is-layout-flex wp-container-core-columns-is-layout-9d6595d7 wp-block-columns-is-layout-flex\">\n<div class=\"wp-block-column is-vertically-aligned-center is-layout-flow wp-block-column-is-layout-flow\" style=\"flex-basis:25%\"><figure class=\"wp-block-post-featured-image\"><a href=\"https:\/\/sociology.soc.uoc.gr\/ekaeke\/?p=468\" target=\"_self\"  ><img loading=\"lazy\" decoding=\"async\" width=\"482\" height=\"667\" src=\"https:\/\/sociology.soc.uoc.gr\/ekaeke\/wp-content\/uploads\/2018\/04\/cover_banner-1.jpg\" class=\"attachment-post-thumbnail size-post-thumbnail wp-post-image\" alt=\"\u0396\u03b1\u03ca\u03bc\u03ac\u03ba\u03b7\u03c2 \u0393. (\u03b5\u03c0\u03b9\u03bc.). 2018.  \u0395\u03c1\u03b5\u03c5\u03bd\u03b7\u03c4\u03b9\u03ba\u03ad\u03c2 \u03b4\u03b9\u03b1\u03b4\u03c1\u03bf\u03bc\u03ad\u03c2 \u03c3\u03c4\u03b9\u03c2 \u03ba\u03bf\u03b9\u03bd\u03c9\u03bd\u03b9\u03ba\u03ad\u03c2 \u03b5\u03c0\u03b9\u03c3\u03c4\u03ae\u03bc\u03b5\u03c2. \u0398\u03b5\u03c9\u03c1\u03b7\u03c4\u03b9\u03ba\u03ad\u03c2 \u03c3\u03c5\u03bc\u03b2\u03bf\u03bb\u03ad\u03c2 \u03ba\u03b1\u03b9 \u03bc\u03b5\u03bb\u03ad\u03c4\u03b5\u03c2 \u03c0\u03b5\u03c1\u03af\u03c0\u03c4\u03c9\u03c3\u03b7\u03c2. \u03a1\u03ad\u03b8\u03c5\u03bc\u03bd\u03bf, \u03a0\u03b1\u03bd\u03b5\u03c0\u03b9\u03c3\u03c4\u03ae\u03bc\u03b9\u03bf \u039a\u03c1\u03ae\u03c4\u03b7\u03c2- \u0395\u03c1\u03b3\u03b1\u03c3\u03c4\u03ae\u03c1\u03b9\u03bf \u039a\u03bf\u03b9\u03bd\u03c9\u03bd\u03b9\u03ba\u03ae\u03c2 \u0391\u03bd\u03ac\u03bb\u03c5\u03c3\u03b7\u03c2 \u03ba\u03b1\u03b9 \u0395\u03c6\u03b1\u03c1\u03bc\u03bf\u03c3\u03bc\u03ad\u03bd\u03b7\u03c2 \u039a\u03bf\u03b9\u03bd\u03c9\u03bd\u03b9\u03ba\u03ae\u03c2 \u0388\u03c1\u03b5\u03c5\u03bd\u03b1\u03c2\" style=\"object-fit:cover;\" srcset=\"https:\/\/sociology.soc.uoc.gr\/ekaeke\/wp-content\/uploads\/2018\/04\/cover_banner-1.jpg 482w, https:\/\/sociology.soc.uoc.gr\/ekaeke\/wp-content\/uploads\/2018\/04\/cover_banner-1-217x300.jpg 217w\" sizes=\"auto, (max-width: 709px) 85vw, (max-width: 909px) 67vw, (max-width: 984px) 60vw, (max-width: 1362px) 62vw, 840px\" \/><\/a><\/figure><\/div>\n\n\n\n<div class=\"wp-block-column is-vertically-aligned-center is-layout-flow wp-block-column-is-layout-flow\" style=\"flex-basis:75%\"><h5 style=\"font-size:14px;\" class=\"has-link-color wp-elements-ee624f6015216fe17ce66fddeba4c6ed wp-block-post-title has-text-color has-dark-gray-color\"><a href=\"https:\/\/sociology.soc.uoc.gr\/ekaeke\/?p=468\" target=\"_self\" >\u0396\u03b1\u03ca\u03bc\u03ac\u03ba\u03b7\u03c2 \u0393. (\u03b5\u03c0\u03b9\u03bc.). 2018.  \u0395\u03c1\u03b5\u03c5\u03bd\u03b7\u03c4\u03b9\u03ba\u03ad\u03c2 \u03b4\u03b9\u03b1\u03b4\u03c1\u03bf\u03bc\u03ad\u03c2 \u03c3\u03c4\u03b9\u03c2 \u03ba\u03bf\u03b9\u03bd\u03c9\u03bd\u03b9\u03ba\u03ad\u03c2 \u03b5\u03c0\u03b9\u03c3\u03c4\u03ae\u03bc\u03b5\u03c2. \u0398\u03b5\u03c9\u03c1\u03b7\u03c4\u03b9\u03ba\u03ad\u03c2 \u03c3\u03c5\u03bc\u03b2\u03bf\u03bb\u03ad\u03c2 \u03ba\u03b1\u03b9 \u03bc\u03b5\u03bb\u03ad\u03c4\u03b5\u03c2 \u03c0\u03b5\u03c1\u03af\u03c0\u03c4\u03c9\u03c3\u03b7\u03c2. \u03a1\u03ad\u03b8\u03c5\u03bc\u03bd\u03bf, \u03a0\u03b1\u03bd\u03b5\u03c0\u03b9\u03c3\u03c4\u03ae\u03bc\u03b9\u03bf \u039a\u03c1\u03ae\u03c4\u03b7\u03c2- \u0395\u03c1\u03b3\u03b1\u03c3\u03c4\u03ae\u03c1\u03b9\u03bf \u039a\u03bf\u03b9\u03bd\u03c9\u03bd\u03b9\u03ba\u03ae\u03c2 \u0391\u03bd\u03ac\u03bb\u03c5\u03c3\u03b7\u03c2 \u03ba\u03b1\u03b9 \u0395\u03c6\u03b1\u03c1\u03bc\u03bf\u03c3\u03bc\u03ad\u03bd\u03b7\u03c2 \u039a\u03bf\u03b9\u03bd\u03c9\u03bd\u03b9\u03ba\u03ae\u03c2 \u0388\u03c1\u03b5\u03c5\u03bd\u03b1\u03c2<\/a><\/h5><\/div>\n<\/div>\n\n<\/li><\/ul>\n\n<nav class=\"wp-block-query-pagination is-layout-flex wp-block-query-pagination-is-layout-flex\" aria-label=\"\u03a3\u03b5\u03bb\u03b9\u03b4\u03bf\u03c0\u03bf\u03af\u03b7\u03c3\u03b7\">\n\n\n<div class=\"wp-block-query-pagination-numbers\"><span aria-current=\"page\" class=\"page-numbers current\">1<\/span>\n<a class=\"page-numbers\" href=\"?query-10-page=2&#038;rest_route=%2Fwp%2Fv2%2Fpages%2F1597\">2<\/a><\/div>\n\n<a href=\"\/ekaeke\/index.php?rest_route=%2Fwp%2Fv2%2Fpages%2F1597&#038;query-10-page=2\" class=\"wp-block-query-pagination-next\">\u0395\u03c0\u03cc\u03bc\u03b5\u03bd\u03b7 \u03a3\u03b5\u03bb\u03af\u03b4\u03b1<span class='wp-block-query-pagination-next-arrow is-arrow-arrow' aria-hidden='true'>\u2192<\/span><\/a>\n<\/nav><\/div>\n","protected":false},"excerpt":{"rendered":"","protected":false},"author":1,"featured_media":0,"parent":0,"menu_order":0,"comment_status":"closed","ping_status":"closed","template":"","meta":{"footnotes":""},"class_list":["post-1597","page","type-page","status-publish","hentry"],"_links":{"self":[{"href":"https:\/\/sociology.soc.uoc.gr\/ekaeke\/index.php?rest_route=\/wp\/v2\/pages\/1597","targetHints":{"allow":["GET"]}}],"collection":[{"href":"https:\/\/sociology.soc.uoc.gr\/ekaeke\/index.php?rest_route=\/wp\/v2\/pages"}],"about":[{"href":"https:\/\/sociology.soc.uoc.gr\/ekaeke\/index.php?rest_route=\/wp\/v2\/types\/page"}],"author":[{"embeddable":true,"href":"https:\/\/sociology.soc.uoc.gr\/ekaeke\/index.php?rest_route=\/wp\/v2\/users\/1"}],"replies":[{"embeddable":true,"href":"https:\/\/sociology.soc.uoc.gr\/ekaeke\/index.php?rest_route=%2Fwp%2Fv2%2Fcomments&post=1597"}],"version-history":[{"count":5,"href":"https:\/\/sociology.soc.uoc.gr\/ekaeke\/index.php?rest_route=\/wp\/v2\/pages\/1597\/revisions"}],"predecessor-version":[{"id":1617,"href":"https:\/\/sociology.soc.uoc.gr\/ekaeke\/index.php?rest_route=\/wp\/v2\/pages\/1597\/revisions\/1617"}],"wp:attachment":[{"href":"https:\/\/sociology.soc.uoc.gr\/ekaeke\/index.php?rest_route=%2Fwp%2Fv2%2Fmedia&parent=1597"}],"curies":[{"name":"wp","href":"https:\/\/api.w.org\/{rel}","templated":true}]}}